{"id":99,"date":"2024-03-22T16:33:01","date_gmt":"2024-03-22T16:33:01","guid":{"rendered":"https:\/\/it-media-schwarz.dev.mh.schwarz\/?page_id=99"},"modified":"2026-03-16T07:56:08","modified_gmt":"2026-03-16T07:56:08","slug":"datenschutz","status":"publish","type":"page","link":"https:\/\/it-media.schwarz\/de\/datenschutz\/","title":{"rendered":"Datenschutz"},"content":{"rendered":"\n<p><strong>Version 1.0<\/strong><\/p>\n\n\n\n<p>Wir nehmen den Schutz Ihrer pers\u00f6nlichen Daten sehr ernst und sind bestrebt, Sie umfassend \u00fcber die Verarbeitung Ihrer personenbezogenen Daten zu informieren. Die nachfolgenden Datenschutzhinweise geben Ihnen Auskunft dar\u00fcber, auf welche Art und Weise und zu welchen Zwecken wir personenbezogene Daten von Ihnen verarbeiten, wenn Sie Besucher unserer Webseiten sind, Kontakt mit uns aufnehmen wollen.<\/p>\n\n\n\n<p>Ihre personenbezogenen Daten erheben wir grunds\u00e4tzlich bei Ihnen selbst. Als gesetzliche Grundlage dient insbesondere die EU-Datenschutz-Grundverordnung (DSGVO).<\/p>\n\n\n\n<p><strong>1. Verantwortlicher i.S.d. Art. 4 Ziff. 7 DSGVO<\/strong><\/p>\n\n\n\n<p>F\u00fcr die nachfolgend dargestellten Datenverarbeitungen Verantwortlicher i.S.d. Art. 4 Ziff. 7 DSGVO ist, soweit im Folgenden nicht anders erw\u00e4hnt, die:<\/p>\n\n\n\n<p><strong>Schwarz Digits IT KG<\/strong><\/p>\n\n\n\n<p><strong>Stiftsbergstra\u00dfe 1&nbsp;<\/strong><\/p>\n\n\n\n<p><strong>74172 Neckarsulm<\/strong><\/p>\n\n\n\n<p>Telefon: +49 7132 30-4000<\/p>\n\n\n\n<p>E-Mail:&nbsp; info@stackit.de<\/p>\n\n\n\n<p><strong>2. Kommunikation per E-Mail\/Telefon\/Post\u00a0<\/strong><\/p>\n\n\n\n<p>2.1.Zwecke und Rechtsgrundlage der Datenverarbeitung<\/p>\n\n\n\n<ol><\/ol>\n\n\n\n<p>Pers\u00f6nliche Angaben, die Sie uns per E-Mail\/Telefon\/Post \u00fcberlassen, behandeln wir selbstverst\u00e4ndlich vertraulich. Wir verwenden Ihre Daten ausschlie\u00dflich zweckgebunden, um Ihre Anfrage zu bearbeiten.&nbsp;<\/p>\n\n\n\n<p>Rechtsgrundlage f\u00fcr die Datenverarbeitung ist Art. 6 Abs. 1 lit. f) DSGVO. Das berechtigte Interesse ergibt sich hierbei aus dem Interesse, Ihre Anfragen zu beantworten und somit die Zufriedenheit unserer Webseitenbesucher zu erhalten und zu f\u00f6rdern.<\/p>\n\n\n\n<p>2.2.Empf\u00e4nger\/Kategorien von Empf\u00e4ngern<\/p>\n\n\n\n<p>Eine Weitergabe der Daten an Dritte au\u00dferhalb der Schwarz Digits IT KG schlie\u00dfen wir grunds\u00e4tzlich aus. Ausnahmsweise werden Daten in unserem Auftrag von Auftragsverarbeitern verarbeitet. Diese sind jeweils sorgf\u00e4ltig ausgesucht und vertraglich nach Art. 28 DSGVO verpflichtet.<\/p>\n\n\n\n<p>2.3.Pflicht zur Bereitstellung Ihrer Daten<\/p>\n\n\n\n<p>Sie sind weder vertraglich noch gesetzlich verpflichtet, uns personenbezogene Daten zur Verf\u00fcgung zu stellen. Sollten Sie uns jedoch die f\u00fcr die Bearbeitung Ihrer Anfrage oder der Veranstaltungsanmeldung erforderlichen Daten nicht zur Verf\u00fcgung stellen, k\u00f6nnen wir diese nicht bearbeiten bzw. beantworten.<\/p>\n\n\n\n<p>2.4.Speicherdauer<\/p>\n\n\n\n<p>Alle personenbezogenen Angaben, die Sie uns gegen\u00fcber bei Anfragen zukommen lassen, werden von uns sp\u00e4testens 90 Tage nach der erteilten finalen R\u00fcckantwort an Sie gel\u00f6scht, bzw. sicher anonymisiert. Die Aufbewahrung von 90 Tagen erkl\u00e4rt sich aus dem Umstand, dass es vereinzelt vorkommen kann, dass Sie uns nach einer Antwort nochmals zu der gleichen Sache kontaktieren und wir uns dann auf die Vorkorrespondenz beziehen k\u00f6nnen m\u00fcssen. Die Erfahrung hat gezeigt, dass in der Regel nach 90 Tagen R\u00fcckfragen zu unseren Antworten nicht mehr vorkommen. Bei Geltendmachung Ihrer Betroffenenrechte werden Ihre personenbezogenen Daten nach der finalen R\u00fcckantwort f\u00fcr 3 Jahre gespeichert zum Nachweis, dass wir Ihnen umfassend Auskunft erteilt haben und die gesetzlichen Anforderungen eingehalten werden.<\/p>\n\n\n\n<p><strong>3. Daten, die wir beim Besuch unserer Webseiten verarbeiten<\/strong><\/p>\n\n\n\n<p>3.1.Zwecke und Rechtsgrundlage der Datenverarbeitung<\/p>\n\n\n\n<p>Beim Besuch unserer Webseite werden Protokolldateien mit folgendem Inhalt erzeugt:<\/p>\n\n\n\n<ul>\n<li>Der Webseite \/ Applikation, von der Sie unsere Seite aufrufen (Referrer-URL);<\/li>\n\n\n\n<li>Der IP-Adresse;<\/li>\n\n\n\n<li>Dem Zugriffsdatum und der Zugriffszeit;<\/li>\n\n\n\n<li>Der Anfrage des Clients;<\/li>\n\n\n\n<li>Dem http-Antwort-Code;<\/li>\n\n\n\n<li>Der \u00fcbertragenen Datenmenge;<\/li>\n\n\n\n<li>Dem Namen und der URL der abgerufenen Datei;<\/li>\n\n\n\n<li>Der Information \u00fcber den von Ihnen verwendeten Browser und das von Ihnen verwendete Betriebssystem;<\/li>\n\n\n\n<li>Dem Namen Ihres Access-Providers<\/li>\n<\/ul>\n\n\n\n<p>Rechtsgrundlage f\u00fcr die Datenverarbeitung ist Art. 6 Abs. 1 lit. f) DSGVO. Das berechtigte Interesse ergibt sich hierbei aus dem Schutz unserer Systeme und der Verhinderung von missbr\u00e4uchlichem bzw. betr\u00fcgerischem Verhalten bei jedem Zugriff eines Nutzers auf diese Webseite.<\/p>\n\n\n\n<p>3.2.Empf\u00e4nger\/Kategorien von Empf\u00e4ngern<\/p>\n\n\n\n<p>Eine Weitergabe der Daten an Dritte au\u00dferhalb der Schwarz Digits IT KG schlie\u00dfen wir grunds\u00e4tzlich aus. Ausnahmsweise werden Daten in unserem Auftrag von Auftragsverarbeitern verarbeitet. Diese sind jeweils sorgf\u00e4ltig ausgesucht und vertraglich nach Art. 28 DSGVO verpflichtet.<\/p>\n\n\n\n<p>3.3.Pflicht zur Bereitstellung Ihrer Daten<\/p>\n\n\n\n<p>Sie sind weder vertraglich noch gesetzlich verpflichtet, uns personenbezogene Daten zur Verf\u00fcgung zu stellen. Die genannten Daten werden technisch bedingt jedoch verarbeitet, sobald Sie unsere Seite aufrufen. Wenn Sie uns die Daten nicht mehr zur Verf\u00fcgung stellen m\u00f6chten, ist dies nur m\u00f6glich, indem Sie unsere Webseite nicht mehr nutzen.<\/p>\n\n\n\n<p>3.4.Speicherdauer<\/p>\n\n\n\n<p>Wir speichern die genannten Daten f\u00fcr eine Dauer von vierzehn Tagen.&nbsp;<\/p>\n\n\n\n<p><strong>4. Ihre Betroffenenrechte<\/strong><\/p>\n\n\n\n<p>Sie haben das Recht, nach Art. 15 Abs. 1 DSGVO auf Antrag unentgeltlich Auskunft \u00fcber die zu Ihrer Person gespeicherten personenbezogenen Daten zu erhalten.<\/p>\n\n\n\n<p>Zus\u00e4tzlich haben Sie bei Vorliegen der gesetzlichen Voraussetzungen ein Recht auf Berichtigung (Art. 16 DSGVO), L\u00f6schung (Art. 17 DSGVO) und Einschr\u00e4nkung der Verarbeitung (Art. 18 DSGVO) Ihrer personenbezogenen Daten.<\/p>\n\n\n\n<p>Sofern die Datenverarbeitung auf Grundlage des Art. 6 Abs. 1 lit. e) oder lit. f) DSGVO beruht, steht Ihnen nach Art. 21 DSGVO ein Widerspruchsrecht zu. Soweit Sie einer Datenverarbeitung widersprechen, unterbleibt diese zuk\u00fcnftig, es sei denn, der Verantwortliche kann zwingende schutzw\u00fcrdige Gr\u00fcnde f\u00fcr die weitere Verarbeitung nachweisen, die das Interesse des Betroffenen am Widerspruch \u00fcberwiegen.<\/p>\n\n\n\n<p>Sofern Sie selbst die verarbeiteten Daten zur Verf\u00fcgung gestellt haben, steht Ihnen ein Recht auf Daten\u00fcbertragung nach Art. 20 DSGVO zu.<\/p>\n\n\n\n<p>Sofern die Datenverarbeitung auf Grundlage einer Einwilligung nach Art. 6 Abs. 1 lit. a) oder Art. 9 Abs. 2 lit. a) DSGVO beruht, k\u00f6nnen Sie die Einwilligung jederzeit mit Wirkung f\u00fcr die Zukunft widerrufen, ohne dass die Rechtm\u00e4\u00dfigkeit der bisherigen Verarbeitung ber\u00fchrt wird.<\/p>\n\n\n\n<p>Wenden Sie sich bitte in den zuvor genannten F\u00e4llen, bei offenen Fragen oder im Falle von Beschwerden schriftlich oder per E-Mail an den Datenschutzbeauftragten. Zudem steht Ihnen ein Recht zur Beschwerde bei einer Datenschutz-Aufsichtsbeh\u00f6rde zu. Zust\u00e4ndig ist die Datenschutz-Aufsichtsbeh\u00f6rde des Bundeslandes, in dem Sie wohnen oder in dem der Verantwortliche seinen Sitz hat.<\/p>\n\n\n\n<p><strong>5. Kontakt Datenschutzbeauftragter<\/strong><\/p>\n\n\n\n<p>Sollten Sie weitere Fragen zur Verarbeitung Ihrer Daten oder zur Aus\u00fcbung Ihrer Rechte haben, k\u00f6nnen Sie sich an den zust\u00e4ndigen Datenschutzbeauftragten beim Verantwortlichen wenden:<\/p>\n\n\n\n<p>datenschutz s\u00fcd GmbH<br>Stichwort Schwarz Digits IT KG<br>W\u00f6rthstra\u00dfe 15<br>97082 W\u00fcrzburg<br>E-Mail: <a href=\"mailto:office@datenschutz-sued.de\">office@datenschutz-sued.de<\/a>\u00a0<\/p>\n\n\n\n<p>oder<br><br>Schwarz Digits IT KG<br>Datenschutzkoordinator<br>Stiftsbergstra\u00dfe 1<br>74172 Neckarsulm<br>E-Mail: datenschutz@digits.schwarz<\/p>\n","protected":false},"excerpt":{"rendered":"<p>Version 1.0 Wir nehmen den Schutz Ihrer pers\u00f6nlichen Daten sehr ernst und sind bestrebt, Sie umfassend \u00fcber die Verarbeitung Ihrer personenbezogenen Daten zu informieren. Die nachfolgenden Datenschutzhinweise geben Ihnen Auskunft dar\u00fcber, auf welche Art und Weise und zu welchen Zwecken wir personenbezogene Daten von Ihnen verarbeiten, wenn Sie Besucher unserer Webseiten sind, Kontakt mit uns [&hellip;]<\/p>\n","protected":false},"author":1,"featured_media":0,"parent":0,"menu_order":0,"comment_status":"closed","ping_status":"closed","template":"","meta":{"_acf_changed":false,"footnotes":""},"acf":[],"_links":{"self":[{"href":"https:\/\/it-media.schwarz\/de\/wp-json\/wp\/v2\/pages\/99"}],"collection":[{"href":"https:\/\/it-media.schwarz\/de\/wp-json\/wp\/v2\/pages"}],"about":[{"href":"https:\/\/it-media.schwarz\/de\/wp-json\/wp\/v2\/types\/page"}],"author":[{"embeddable":true,"href":"https:\/\/it-media.schwarz\/de\/wp-json\/wp\/v2\/users\/1"}],"replies":[{"embeddable":true,"href":"https:\/\/it-media.schwarz\/de\/wp-json\/wp\/v2\/comments?post=99"}],"version-history":[{"count":4,"href":"https:\/\/it-media.schwarz\/de\/wp-json\/wp\/v2\/pages\/99\/revisions"}],"predecessor-version":[{"id":554,"href":"https:\/\/it-media.schwarz\/de\/wp-json\/wp\/v2\/pages\/99\/revisions\/554"}],"wp:attachment":[{"href":"https:\/\/it-media.schwarz\/de\/wp-json\/wp\/v2\/media?parent=99"}],"curies":[{"name":"wp","href":"https:\/\/api.w.org\/{rel}","templated":true}]}}